{"id":172,"date":"2019-11-11T13:44:32","date_gmt":"2019-11-11T13:44:32","guid":{"rendered":"http:\/\/trauerredner-bodensee.de\/?page_id=172"},"modified":"2022-11-09T15:20:52","modified_gmt":"2022-11-09T15:20:52","slug":"172-2","status":"publish","type":"page","link":"https:\/\/trauerredner-bodensee.de\/?page_id=172","title":{"rendered":"DATENSCHUTZ"},"content":{"rendered":"\n<div style=\"height:50px\" aria-hidden=\"true\" class=\"wp-block-spacer\"><\/div>\n\n\n\n<h2 class=\"wp-block-heading\">DATENSCHUTZERKL\u00c4RUNG<\/h2>\n\n\n\n<div style=\"height:50px\" aria-hidden=\"true\" class=\"wp-block-spacer\"><\/div>\n\n\n\n<p><strong>TR\u00d6STENDE WORTE \u2013 Trauerredner Bodensee<\/strong>&nbsp;verpflichtet sich, Ihre pers\u00f6nlichen Daten zu sch\u00fctzen. Die DS-GVO 2018 bezieht sich auf jegliche von uns gespeicherten pers\u00f6nlichen Daten, die wir entweder \u00fcber das Telefon von Personen erhalten, die Informationen bei uns einholen, unsere Dienstleistungen nutzen oder \u00fcber andere Kan\u00e4le auf unsere Website gelangen und an uns herantreten.&nbsp;<\/p>\n\n\n\n<p><strong>TR\u00d6STENDE WORTE \u2013 Trauerredner Bodensee<\/strong>&nbsp;sammelt folgende Daten von Ihnen:&nbsp;<\/p>\n\n\n\n<ul class=\"wp-block-list\">\n<li>Name&nbsp;<\/li>\n\n\n\n<li>Den Namen der Firma, f\u00fcr die Sie arbeiten sowie Ihre Position oder Ihren Verantwortungsbereich&nbsp;<\/li>\n\n\n\n<li>Die&nbsp;Festnetzunmmer&nbsp;am Arbeitsplatz und Ihre Mobilnummer, die physische Adresse Ihrer Arbeitsst\u00e4tte sowie Ihre Email-Adresse.&nbsp;<\/li>\n\n\n\n<li>Wir geben keine pers\u00f6nlichen Daten an Dritte weiter, au\u00dfer wenn es das Gesetz von uns verlangt.&nbsp;<\/li>\n<\/ul>\n\n\n\n<p>Wenn Sie sich dazu entschlie\u00dfen, von uns nicht mehr kontaktiert werden zu wollen oder m\u00f6chten, dass Ihre Daten gel\u00f6scht werden, schreiben Sie uns bitte unter Angabe Ihres vollen Namens und Ihrer Emailadresse an die Firmenadresse unterhalb der Datenschutzerkl\u00e4rung.&nbsp;<\/p>\n\n\n\n<p><strong>Cookies&nbsp;<\/strong>&nbsp;<\/p>\n\n\n\n<p>Unsere Website verwendet Cookies, um Sie von anderen Nutzern unserer Website zu unterscheiden. Dies hilft uns dabei, Ihnen eine gute Erfahrung beim Besuch unserer Website zu verschaffen und unterst\u00fctzt uns auch dabei, unsere Website zu verbessern. Bei weiterem Verbleib auf unserer Website stimmen Sie unserer Nutzung von Cookies zu.&nbsp;<\/p>\n\n\n\n<p>Ein Cookie ist eine kleine Textdatei, die eine Website auf die Festplatte Ihres Computers schreibt. Bei jedem erneuten Besuch der Website greift Ihr Browser auf das oder die relevante(n) Cookie(s) zu und schickt diese(s) an den Server der Website.&nbsp;<\/p>\n\n\n\n<p><strong>Session Cookies<\/strong>&nbsp;<\/p>\n\n\n\n<p>Wir nutzen Session Cookies, um individuelle Verbraucherpr\u00e4ferenzen, die der Nutzer spezifiziert hat, kurzzeitig zu speichern, so dass diese erhalten bleiben, sobald der Nutzer wieder zu ihnen zur\u00fcckkehrt. Diese Information wird nur in Ihrem Browser gespeichert und sofort gel\u00f6scht, sobald Sie den Browser schlie\u00dfen.&nbsp;<\/p>\n\n\n\n<p><strong>Server Log<\/strong>&nbsp;<\/p>\n\n\n\n<p>Wie bei den meisten Websites, sammeln wir Server Logfile-Informationen wie IP-Adresse, Datum &amp; Uhrzeit, aufgerufene URL und genutztes Protokoll, http-Antwort-Code, Gr\u00f6\u00dfe des \u00fcbermittelten Inhalts,&nbsp;Referrer&nbsp;und Browserdaten. Wir nutzen diese Informationen, um unsere Website zu verwalten und um nachvollziehen zu k\u00f6nnen, wie unsere Besucher durch die Website navigieren und um so Ihre Erfahrung beim Besuch unserer Website zu verbessern. Diese Daten werden alle 30 Tage von unserem Server Log automatisch gel\u00f6scht.&nbsp;<\/p>\n\n\n\n<p><strong>WEBFONTS<\/strong>&nbsp;<\/p>\n\n\n\n<p>Diese Website setzt&nbsp;Webfonts&nbsp;\u00fcber Google.&nbsp;<\/p>\n\n\n\n<p>Was sind&nbsp;Webfonts:&nbsp;Webfonts&nbsp;sind prim\u00e4r f\u00fcr den Einsatz in (X)HTML-Webseiten bzw. f\u00fcr browserbasierte digitale Texte vorgesehen; sie werden in der Regel beim Aufruf einer Webseite nicht aus der lokalen Schriftensammlung eines Computers (z.B. PC,&nbsp;Tablet, Smartphone), sondern von einem externen Webserver in den Browser (Client) eingeladen.\u202f&nbsp;<\/p>\n\n\n\n<p><strong>TR\u00d6STENDE WORTE \u2013 Trauerredner Bodensee<\/strong>&nbsp;nutzt&nbsp;jQuery-Bibliothek&nbsp;<\/p>\n\n\n\n<p>jQuery&nbsp;ist die meistverwendete JavaScript-Bibliothek. Jede zweite Website der bekanntesten Websites weltweit nutzt&nbsp;jQuery. Sie wird in vielen CMS benutzt und Webframeworks bereits mitgeliefert, so zum Beispiel auch f\u00fcr WORDPRESS, auf der die Website von&nbsp;<strong>TR\u00d6STENDE WORTE \u2013 Trauerredner Bodensee<\/strong>&nbsp;basiert.&nbsp;<\/p>\n\n\n\n<p><strong>Adresse f\u00fcr Anfragen und Unterlassungen in Bezug auf Datenschutz:<\/strong>&nbsp;<\/p>\n\n\n\n<p><strong>TR\u00d6STENDE WORTE&nbsp;<\/strong>&nbsp;<\/p>\n\n\n\n<p><strong>Trauerredner Bodensee<\/strong>&nbsp;&nbsp;<\/p>\n\n\n\n<p>Inhaber:\u202fDipl.-\u00dcbers. Carlos Lange-Prollius\u00a0<br>Brauneggerstr. 19\u00a0<br>78462 Konstanz\u00a0<br>&#8211;GERMANY&#8211;\u00a0<\/p>\n\n\n\n<p>T. +49-(0)7531-38 10 167<br>E. textagentur-bodensee@email.de\u00a0<br>M. +49-(0)178 &#8211; 50 60 160<\/p>\n\n\n\n<p><strong>TR\u00d6STENDE WORTE \u2013 Trauerredner Bodensee<\/strong><strong>&nbsp;<\/strong>ist eine besondere Dienstleistung von:&nbsp;<\/p>\n\n\n\n<p>www.textagentur-bodensee.de \/ textagentur-bodensee.ch \/ textagentur-bodensee.at&nbsp;<\/p>\n","protected":false},"excerpt":{"rendered":"<p>DATENSCHUTZERKL\u00c4RUNG TR\u00d6STENDE WORTE \u2013 Trauerredner Bodensee&nbsp;verpflichtet sich, Ihre pers\u00f6nlichen Daten zu sch\u00fctzen. Die DS-GVO 2018 bezieht sich auf jegliche von uns gespeicherten pers\u00f6nlichen Daten, die wir entweder \u00fcber das Telefon von Personen erhalten, die Informationen bei uns einholen, unsere Dienstleistungen nutzen oder \u00fcber andere Kan\u00e4le auf unsere Website gelangen und an uns herantreten.&nbsp; TR\u00d6STENDE WORTE [&hellip;]<\/p>\n","protected":false},"author":1,"featured_media":0,"parent":0,"menu_order":0,"comment_status":"closed","ping_status":"closed","template":"","meta":{"site-sidebar-layout":"default","site-content-layout":"default","ast-site-content-layout":"default","site-content-style":"default","site-sidebar-style":"default","ast-global-header-display":"","ast-banner-title-visibility":"","ast-main-header-display":"","ast-hfb-above-header-display":"","ast-hfb-below-header-display":"","ast-hfb-mobile-header-display":"","site-post-title":"disabled","ast-breadcrumbs-content":"","ast-featured-img":"","footer-sml-layout":"","ast-disable-related-posts":"","theme-transparent-header-meta":"default","adv-header-id-meta":"","stick-header-meta":"","header-above-stick-meta":"","header-main-stick-meta":"","header-below-stick-meta":"","astra-migrate-meta-layouts":"default","ast-page-background-enabled":"default","ast-page-background-meta":{"desktop":{"background-color":"","background-image":"","background-repeat":"repeat","background-position":"center center","background-size":"auto","background-attachment":"scroll","background-type":"","background-media":"","overlay-type":"","overlay-color":"","overlay-opacity":"","overlay-gradient":""},"tablet":{"background-color":"","background-image":"","background-repeat":"repeat","background-position":"center center","background-size":"auto","background-attachment":"scroll","background-type":"","background-media":"","overlay-type":"","overlay-color":"","overlay-opacity":"","overlay-gradient":""},"mobile":{"background-color":"","background-image":"","background-repeat":"repeat","background-position":"center center","background-size":"auto","background-attachment":"scroll","background-type":"","background-media":"","overlay-type":"","overlay-color":"","overlay-opacity":"","overlay-gradient":""}},"ast-content-background-meta":{"desktop":{"background-color":"var(--ast-global-color-5)","background-image":"","background-repeat":"repeat","background-position":"center center","background-size":"auto","background-attachment":"scroll","background-type":"","background-media":"","overlay-type":"","overlay-color":"","overlay-opacity":"","overlay-gradient":""},"tablet":{"background-color":"var(--ast-global-color-5)","background-image":"","background-repeat":"repeat","background-position":"center center","background-size":"auto","background-attachment":"scroll","background-type":"","background-media":"","overlay-type":"","overlay-color":"","overlay-opacity":"","overlay-gradient":""},"mobile":{"background-color":"var(--ast-global-color-5)","background-image":"","background-repeat":"repeat","background-position":"center center","background-size":"auto","background-attachment":"scroll","background-type":"","background-media":"","overlay-type":"","overlay-color":"","overlay-opacity":"","overlay-gradient":""}},"footnotes":""},"class_list":["post-172","page","type-page","status-publish","hentry"],"_links":{"self":[{"href":"https:\/\/trauerredner-bodensee.de\/index.php?rest_route=\/wp\/v2\/pages\/172","targetHints":{"allow":["GET"]}}],"collection":[{"href":"https:\/\/trauerredner-bodensee.de\/index.php?rest_route=\/wp\/v2\/pages"}],"about":[{"href":"https:\/\/trauerredner-bodensee.de\/index.php?rest_route=\/wp\/v2\/types\/page"}],"author":[{"embeddable":true,"href":"https:\/\/trauerredner-bodensee.de\/index.php?rest_route=\/wp\/v2\/users\/1"}],"replies":[{"embeddable":true,"href":"https:\/\/trauerredner-bodensee.de\/index.php?rest_route=%2Fwp%2Fv2%2Fcomments&post=172"}],"version-history":[{"count":7,"href":"https:\/\/trauerredner-bodensee.de\/index.php?rest_route=\/wp\/v2\/pages\/172\/revisions"}],"predecessor-version":[{"id":233,"href":"https:\/\/trauerredner-bodensee.de\/index.php?rest_route=\/wp\/v2\/pages\/172\/revisions\/233"}],"wp:attachment":[{"href":"https:\/\/trauerredner-bodensee.de\/index.php?rest_route=%2Fwp%2Fv2%2Fmedia&parent=172"}],"curies":[{"name":"wp","href":"https:\/\/api.w.org\/{rel}","templated":true}]}}